{"id":12,"date":"2023-04-13T10:14:58","date_gmt":"2023-04-13T03:14:58","guid":{"rendered":"https:\/\/dev.artru.eu.org\/?page_id=12"},"modified":"2024-06-20T20:32:40","modified_gmt":"2024-06-20T13:32:40","slug":"gioi-thieu","status":"publish","type":"page","link":"https:\/\/artru.net\/zh\/gioi-thieu\/","title":{"rendered":"\u5bfc\u8a00"},"content":{"rendered":"<h2 class=\"wp-block-heading\">\u4ec0\u4e48\u662f ARTRU\uff1f<\/h2>\n\n\n\n<p>\"ARTRU\"\u662f\u771f\u7684\u53ea\u662f\u5b57\u5199\u81ea\u5df1\u7684\u540d\u79f0 Tran Trung. \u6211\u5df2\u7ecf\u51cf\u5c11\u5bf9\u8fde\u63a5\uff0c\u957f\u7b52\u889c\u4ed6\u5988\u7684\uff0c\u4e1d\u889c\u4ecd\u7136\ud83d\ude42\u56e0\u4e3a\u6211\u4e0d\u77e5\u9053\u540d\u5b57\u662f\u4ec0\u4e48\u7f51\u7ad9\u3002<\/p>\n\n\n\n<h2 class=\"wp-block-heading\">\u4e1a\u52a1\u76ee\u6807<\/h2>\n\n\n\n<p>ARTRU\u4f5c\u4e3a\u4e00\u4e2a\u535a\u5ba2\u63d0\u4f9b\u4e86\u77e5\u8bc6\u9886\u57df\u7684\u6280\u672f\uff0c\u6211\u77e5\u9053\uff0c\u5e76\u5e0c\u671b\u4e0e\u4f60\u5206\u4eab\u3002<\/p>\n\n\n\n<p>\u7f51\u6e38(\u7f51\u4e0a\u8d5a\u94b1)\u6216\u8005\u4e5f\u79f0\u4e3a\u7f51\u4e0a\u8d5a\u94b1. \u7f51\u7edc\u7684\u4fa7\u5360\u9886\uff0c\u4ea7\u751f\u7684\u6536\u5165\u5728\u7ebf\u5df2\u7ecf\u76f8\u5f53\u957f\u7684\u4e00\u6bb5\u65f6\u95f4\uff0c\u4eca\u5929\uff0c\u5b83\u5df2\u6210\u4e3a\u4e00\u79cd\u884c\u4e1a\uff0c\u6709\u5de5\u4f5c\u53ef\u4ee5\u5e26\u6765\u7ecf\u6d4e\u4ef7\u503c\u975e\u5e38\u5927\u7684\u3002 \u6b64\u5916\uff0c\u6211\u4e5f\u975e\u5e38\u559c\u6b22\u7684\u6e38\u620f\u3002 \u4e16\u754c\u4e0a\u7684\u5766\u514b\u662f\u7b2c\u4e00\u573a\u6bd4\u8d5b\u4ed6\u7684\u6df1\u5165\u7814\u7a76\u6709\u5173\u6539\u9020\uff0c\u6280\u5de7\u3002<\/p>\n\n\n\n<p>\u5206\u4eab\u7684\u613f\u671b\u90a3\u4e9b\u6e38\u620f\u5e26\u6765\u7684\uff0c\u4ee5\u53ca\u5c16\u7aef\u6280\u672f\u3002 \u5e0c\u671b\u4f60\u4f1a\u627e\u5230\u65b0\u7684\u4e1c\u897f\u5728&nbsp;<a href=\"\/zh\/\">ARTRU<\/a><\/p>\n\n\n\n<h2 class=\"wp-block-heading\">\u64cd\u4f5c\u6807\u51c6<\/h2>\n\n\n\n<ul class=\"wp-block-list\">\n<li>\u5185\u5bb9\u63d0\u4f9b\u514d\u8d39\u7684100\uff05\u3002<\/li>\n\n\n\n<li>\u53ea\u4ecb\u7ecd\uff0c\u5206\u4eab\u670d\u52a1\u548c\u5de5\u5177\u7684\u9ad8\u8d28\u91cf\u3002<\/li>\n\n\n\n<li>\u5185\u5bb9\u66f4\u65b0\u548c\u652f\u6301\uff0c\u4f60\u8bfb\u6700\u5feb\u7684<\/li>\n\n\n\n<li>\u5efa\u7b51\u4e1a\u52a1\u7684\u73af\u5883\uff0c\u7ed9\u4e00\u5934\u5065\u5eb7\u7684\u3002<\/li>\n<\/ul>\n\n\n\n<h2 class=\"wp-block-heading\">\u79c1\u4eba\u7684\u4e8b\u60c5<\/h2>\n\n\n\n<p>\u8bfb\u8005\u9690\u79c1\u5bf9 ARTRU \u6781\u4e3a\u91cd\u8981\u3002\u6839\u636e\u5168\u7403\u4e92\u8054\u7f51\u4f7f\u7528\u6cd5\u89c4\uff0c\u6211\u4eec\u627f\u8bfa\u4e0d\u5b58\u50a8\u8bbf\u95ee\u8005\u7684\u654f\u611f\u4e2a\u4eba\u4fe1\u606f\uff0c\u5e76\u4e14\u9664\u975e\u5fc5\u8981\uff08\u53d1\u9001\u8054\u7cfb\u65b9\u5f0f\u3001\u6ce8\u518c\u3001\u63a5\u6536\u65b0\u95fb\u901a\u8baf\uff09\uff0c\u5426\u5219\u7edd\u4e0d\u4f1a\u8be2\u95ee\u60a8\u7684\u4e2a\u4eba\u4fe1\u606f\u3002<\/p>\n\n\n\n<p>\u6211\u4f1a\u4f7f\u7528\u7684\u997c\u5e72\u4f5c\u4e3a\u4e00\u79cd\u624b\u6bb5\u6807\u8bb0\u6709\u5173\u7684\u4fe1\u606f\uff0c\u4f8b\u5982\uff1a\u6d4f\u89c8\u5668\u3001\u6027\u522b\u3001\u6301\u7eed\u65f6\u95f4\u7684\u8bbf\u95ee\u9891\u7387\uff0c\u9875\u9762\u6d4f\u89c8...\u76ee\u7684\u662f\u4e86\u89e3\u9700\u6c42\u7684\u8bfb\u8005\u53d1\u5c55\u66f4\u597d\u7684\u5185\u5bb9\u3002<\/p>\n\n\n\n<h2 class=\"wp-block-heading\">\u793e\u4ea4\u7f51\u7edc<\/h2>\n\n\n\n<p>\u76ee\u524d\uff0cARTRU \u786e\u5b9e <a href=\"\/zh\/lien-he\/\">\u591a\u4e2a\u793e\u4ea4\u5a92\u4f53\u6e20\u9053<\/a> \u4e0e\u8bfb\u8005\u4e92\u52a8\u3002<\/p>\n\n\n\n<p>\u771f\u8bda\u5730\u611f\u8c22\u4f60\u3002<\/p>","protected":false},"excerpt":{"rendered":"<p>ARTRU l\u00e0 g\u00ec? \u201cARTRU\u201d th\u1ef1c ra ch\u1ec9 l\u00e0 c\u00e1c k\u00fd t\u1ef1 vi\u1ebft t\u1eaft t\u1eeb t\u00ean ri\u00eang c\u1ee7a m\u00ecnh Tr\u1ea7n Trung. M\u00ecnh \u0111\u00e3 c\u1eaft-gh\u00e9p-n\u1ed1i v\u1edb va v\u1edb v\u1eabn \ud83d\ude42 v\u00ec ch\u1ea3 [&hellip;]<\/p>\n","protected":false},"author":1,"featured_media":0,"parent":0,"menu_order":0,"comment_status":"closed","ping_status":"closed","template":"","meta":{"footnotes":""},"class_list":["post-12","page","type-page","status-publish","hentry"],"_links":{"self":[{"href":"https:\/\/artru.net\/zh\/wp-json\/wp\/v2\/pages\/12","targetHints":{"allow":["GET"]}}],"collection":[{"href":"https:\/\/artru.net\/zh\/wp-json\/wp\/v2\/pages"}],"about":[{"href":"https:\/\/artru.net\/zh\/wp-json\/wp\/v2\/types\/page"}],"author":[{"embeddable":true,"href":"https:\/\/artru.net\/zh\/wp-json\/wp\/v2\/users\/1"}],"replies":[{"embeddable":true,"href":"https:\/\/artru.net\/zh\/wp-json\/wp\/v2\/comments?post=12"}],"version-history":[{"count":0,"href":"https:\/\/artru.net\/zh\/wp-json\/wp\/v2\/pages\/12\/revisions"}],"wp:attachment":[{"href":"https:\/\/artru.net\/zh\/wp-json\/wp\/v2\/media?parent=12"}],"curies":[{"name":"wp","href":"https:\/\/api.w.org\/{rel}","templated":true}]}}